{"id":408,"date":"2014-01-22T16:54:26","date_gmt":"2014-01-22T14:54:26","guid":{"rendered":"http:\/\/www.starschnitt.de\/wordpress\/?page_id=408"},"modified":"2014-01-24T10:53:51","modified_gmt":"2014-01-24T08:53:51","slug":"newsletter","status":"publish","type":"page","link":"https:\/\/www.starschnitt.de\/wordpress\/newsletter\/","title":{"rendered":"Newsletter"},"content":{"rendered":"<h3><img decoding=\"async\" loading=\"lazy\" class=\"alignleft size-medium wp-image-414\" alt=\"iStock_000014461014Large\" src=\"https:\/\/www.starschnitt.de\/wordpress\/wp-content\/uploads\/2014\/01\/iStock_000014461014Large-300x235.jpg\" width=\"300\" height=\"235\" srcset=\"https:\/\/www.starschnitt.de\/wordpress\/wp-content\/uploads\/2014\/01\/iStock_000014461014Large-300x235.jpg 300w, https:\/\/www.starschnitt.de\/wordpress\/wp-content\/uploads\/2014\/01\/iStock_000014461014Large-600x471.jpg 600w, https:\/\/www.starschnitt.de\/wordpress\/wp-content\/uploads\/2014\/01\/iStock_000014461014Large.jpg 800w\" sizes=\"(max-width: 300px) 100vw, 300px\" \/>Starschnitt Newsletter &#8211; Immer aktuell und ganz pers\u00f6nlich informiert!<\/h3>\n<p>Mit dem\u00a0 Starschnitt Newsletter informieren wir Sie regelm\u00e4\u00dfig per E-Mail \u00fcber aktuelle Angebote und Aktionen, neue Dienstleistungen sowie exklusive Gewinnspiele.<\/p>\n<p>Das Ganze nat\u00fcrlich v\u00f6llig kostenlos und unverbindlich. Erfahren Sie als erstes, was Ihr Starschnitt-Team Neues zu bieten hat. Selbstverst\u00e4ndlich garantieren wir die Sicherheit Ihrer Daten nach dem Datenschutzgesetz und werden diese nicht an Dritte weiterleiten.<\/p>\n<p><b>Wichtig: Best\u00e4tigen Sie Ihre Anmeldung!<\/b><\/p>\n<p>Nach Ihrer Anmeldung senden wir Ihnen eine Nachricht an die von Ihnen angegebene E-Mail-Adresse. Bitte best\u00e4tigen Sie diese, damit Sie in unserem Verteiler aufgenommen werden. Falls Sie die Best\u00e4tigungsmail nicht beantworten, wird Ihre Anmeldung automatisch wieder gel\u00f6scht. Beachten Sie bitte auch die Datenschutzhinweise am Ende dieser Seite.<\/p>\n<p>[wysija_form id=&#8221;1&#8243;]<\/p>\n<p><strong>Datenschutz und Widerruf:<\/strong><br \/>\nDie von Ihnen eingegebenen personenbezogenen Daten, werden unter Beachtung der geltenden rechtlichen Bestimmungen elektronisch verarbeitet und gespeichert. Mit der Eingabe der Daten und Best\u00e4tigung Ihrer Anmeldung erkl\u00e4ren Sie sich insbesondere damit einverstanden, dass wir Sie per Email kontaktieren. Sie k\u00f6nnen diese Erkl\u00e4rung jederzeit mit Wirkung f\u00fcr die Zukunft widerrufen. Ein entsprechender Link findet sich unter jeder Email des Newsletters. Des Weiteren haben Sie die M\u00f6glichkeit den Newsletter jederzeit telefonisch unter 02327 \/ 9912831 oder per email info@starschnitt.de abzubestellen.<\/p>\n","protected":false},"excerpt":{"rendered":"<p>Starschnitt Newsletter &#8211; Immer aktuell und ganz pers\u00f6nlich informiert! Mit dem\u00a0 Starschnitt Newsletter informieren wir Sie regelm\u00e4\u00dfig per E-Mail \u00fcber aktuelle Angebote und Aktionen, neue Dienstleistungen sowie exklusive Gewinnspiele. Das Ganze nat\u00fcrlich v\u00f6llig kostenlos und unverbindlich. Erfahren Sie als erstes, was Ihr Starschnitt-Team Neues zu bieten hat. Selbstverst\u00e4ndlich garantieren wir die Sicherheit Ihrer Daten nach dem Datenschutzgesetz und werden diese nicht an Dritte weiterleiten. Wichtig: Best\u00e4tigen Sie Ihre Anmeldung! Nach Ihrer Anmeldung senden wir Ihnen eine Nachricht an die von Ihnen angegebene E-Mail-Adresse. Bitte best\u00e4tigen Sie diese, damit Sie in unserem Verteiler aufgenommen werden. Falls Sie die Best\u00e4tigungsmail nicht beantworten,<\/p>\n<a class=\"more-link\" rel=\"nofollow\" href=\"https:\/\/www.starschnitt.de\/wordpress\/newsletter\/\">[mehr...]<\/a>","protected":false},"author":2,"featured_media":0,"parent":0,"menu_order":0,"comment_status":"closed","ping_status":"closed","template":"","meta":[],"_links":{"self":[{"href":"https:\/\/www.starschnitt.de\/wordpress\/wp-json\/wp\/v2\/pages\/408"}],"collection":[{"href":"https:\/\/www.starschnitt.de\/wordpress\/wp-json\/wp\/v2\/pages"}],"about":[{"href":"https:\/\/www.starschnitt.de\/wordpress\/wp-json\/wp\/v2\/types\/page"}],"author":[{"embeddable":true,"href":"https:\/\/www.starschnitt.de\/wordpress\/wp-json\/wp\/v2\/users\/2"}],"replies":[{"embeddable":true,"href":"https:\/\/www.starschnitt.de\/wordpress\/wp-json\/wp\/v2\/comments?post=408"}],"version-history":[{"count":28,"href":"https:\/\/www.starschnitt.de\/wordpress\/wp-json\/wp\/v2\/pages\/408\/revisions"}],"predecessor-version":[{"id":489,"href":"https:\/\/www.starschnitt.de\/wordpress\/wp-json\/wp\/v2\/pages\/408\/revisions\/489"}],"wp:attachment":[{"href":"https:\/\/www.starschnitt.de\/wordpress\/wp-json\/wp\/v2\/media?parent=408"}],"curies":[{"name":"wp","href":"https:\/\/api.w.org\/{rel}","templated":true}]}}