{"id":388,"date":"2014-01-22T12:02:47","date_gmt":"2014-01-22T10:02:47","guid":{"rendered":"http:\/\/www.starschnitt.de\/wordpress\/?page_id=388"},"modified":"2018-05-16T14:00:50","modified_gmt":"2018-05-16T12:00:50","slug":"anti-lohndumping","status":"publish","type":"page","link":"https:\/\/www.starschnitt.de\/wordpress\/anti-lohndumping\/","title":{"rendered":"Gegen Lohndumping"},"content":{"rendered":"<p><img decoding=\"async\" loading=\"lazy\" class=\"alignleft size-medium wp-image-390\" src=\"https:\/\/www.starschnitt.de\/wordpress\/wp-content\/uploads\/2014\/01\/antidumping-1-300x108.jpg\" alt=\"antidumping-1\" width=\"300\" height=\"108\" srcset=\"https:\/\/www.starschnitt.de\/wordpress\/wp-content\/uploads\/2014\/01\/antidumping-1-300x108.jpg 300w, https:\/\/www.starschnitt.de\/wordpress\/wp-content\/uploads\/2014\/01\/antidumping-1-600x216.jpg 600w, https:\/\/www.starschnitt.de\/wordpress\/wp-content\/uploads\/2014\/01\/antidumping-1.jpg 700w\" sizes=\"(max-width: 300px) 100vw, 300px\" \/>Selbstverst\u00e4ndlich zahlt Starschnitt die in den Bundesl\u00e4ndern g\u00fcltigen Tarifl\u00f6hne und s\u00e4mtliche Sozialabgaben und Steuern. Dennoch geh\u00f6ren Friseurinnen und Friseure mit zu den schlecht bezahltesten Berufsgruppen unserer Gesellschaft. Unsere Mitarbeiterinnen- und Mitarbeiter sind allesamt bestens ausgebildete Friseurgesellinen\/- Gesellen und Friseurmeister-innen, die zudem permanent auf h\u00f6chstem Niveau weitergebildet werden, um f\u00fcr Ihre Kunden stets \u201eup to date\u201c zu sein.<\/p>\n<p>F\u00fcr uns, als \u00fcberregional t\u00e4tiges und sozial engagiertes Friseurunternehmen, ist die Lohnsituation unserer Besch\u00e4ftigten unzumutbar. Wir setzen uns daher daf\u00fcr ein, dass f\u00fcr eine professionelle und sehr anspruchsvolle Leistung auch ein fairer Lohn\u00a0 gezahlt wird.<\/p>\n<p>Aufgrund sehr geringer Margen in der Friseurbranche ist dieses ohne weiteres jedoch nicht m\u00f6glich. Der Preisdruck ist extrem hoch, die Kosten steigen permanent und eine gro\u00dfe Anzahl von Mitbewerbern entziehen sich durch Dumpingl\u00f6hne und Schwarzarbeit\u00a0 der sozialen Verantwortung.<\/p>\n<p>Als eines der ersten Friseuer Unternehmen hat die Starschnitt-Gruppe bereits in 2012 entschieden, diesen Teufelskreis zu durchbrechen. Um unseren Mitarbeitern leistungsgerechte L\u00f6hne zahlen zu k\u00f6nnen, haben wir die Preise moderat dem Markt angepasst. Weiterhin starteten wir eine breit angelegte Kampagne um den Friseurkunden auf diese Umst\u00e4nde und unsere unkonvetionelle Ma\u00dfnahme hinzuweisen. Eine sehr hohe Akzeptanz und breite Zustimmung unserer Kunden best\u00e4tigten uns, den richtigen Weg eingeschlagen zu haben.<\/p>\n<p>Der Lohn f\u00fcr uns, sind zufriedene Mitarbeiter und begeisterte Kunden.<\/p>\n<p>Das gesamte Starschnitt Team dankt Ihnen f\u00fcr Ihre Unterst\u00fctzung!<\/p>\n","protected":false},"excerpt":{"rendered":"<p>Selbstverst\u00e4ndlich zahlt Starschnitt die in den Bundesl\u00e4ndern g\u00fcltigen Tarifl\u00f6hne und s\u00e4mtliche Sozialabgaben und Steuern. Dennoch geh\u00f6ren Friseurinnen und Friseure mit zu den schlecht bezahltesten Berufsgruppen unserer Gesellschaft. Unsere Mitarbeiterinnen- und Mitarbeiter sind allesamt bestens ausgebildete Friseurgesellinen\/- Gesellen und Friseurmeister-innen, die zudem permanent auf h\u00f6chstem Niveau weitergebildet werden, um f\u00fcr Ihre Kunden stets \u201eup to date\u201c zu sein. F\u00fcr uns, als \u00fcberregional t\u00e4tiges und sozial engagiertes Friseurunternehmen, ist die Lohnsituation unserer Besch\u00e4ftigten unzumutbar. Wir setzen uns daher daf\u00fcr ein, dass f\u00fcr eine professionelle und sehr anspruchsvolle Leistung auch ein fairer Lohn\u00a0 gezahlt wird. Aufgrund sehr geringer Margen in der Friseurbranche ist<\/p>\n<a class=\"more-link\" rel=\"nofollow\" href=\"https:\/\/www.starschnitt.de\/wordpress\/anti-lohndumping\/\">[mehr...]<\/a>","protected":false},"author":2,"featured_media":0,"parent":0,"menu_order":0,"comment_status":"closed","ping_status":"closed","template":"","meta":[],"_links":{"self":[{"href":"https:\/\/www.starschnitt.de\/wordpress\/wp-json\/wp\/v2\/pages\/388"}],"collection":[{"href":"https:\/\/www.starschnitt.de\/wordpress\/wp-json\/wp\/v2\/pages"}],"about":[{"href":"https:\/\/www.starschnitt.de\/wordpress\/wp-json\/wp\/v2\/types\/page"}],"author":[{"embeddable":true,"href":"https:\/\/www.starschnitt.de\/wordpress\/wp-json\/wp\/v2\/users\/2"}],"replies":[{"embeddable":true,"href":"https:\/\/www.starschnitt.de\/wordpress\/wp-json\/wp\/v2\/comments?post=388"}],"version-history":[{"count":12,"href":"https:\/\/www.starschnitt.de\/wordpress\/wp-json\/wp\/v2\/pages\/388\/revisions"}],"predecessor-version":[{"id":1050,"href":"https:\/\/www.starschnitt.de\/wordpress\/wp-json\/wp\/v2\/pages\/388\/revisions\/1050"}],"wp:attachment":[{"href":"https:\/\/www.starschnitt.de\/wordpress\/wp-json\/wp\/v2\/media?parent=388"}],"curies":[{"name":"wp","href":"https:\/\/api.w.org\/{rel}","templated":true}]}}