{"id":382,"date":"2014-01-22T10:28:54","date_gmt":"2014-01-22T08:28:54","guid":{"rendered":"http:\/\/www.starschnitt.de\/wordpress\/?page_id=382"},"modified":"2014-01-23T18:34:50","modified_gmt":"2014-01-23T16:34:50","slug":"unser-anspruch","status":"publish","type":"page","link":"https:\/\/www.starschnitt.de\/wordpress\/unser-anspruch\/","title":{"rendered":"Unser Anspruch"},"content":{"rendered":"<div>\n<div>\n<h2><span style=\"font-size: medium;\">Herzlich\u00a0 Willkommen bei Starschnitt!<\/span><\/h2>\n<p><img decoding=\"async\" loading=\"lazy\" class=\"alignleft size-medium wp-image-10\" alt=\"iStock_000003257076Small\" src=\"https:\/\/www.starschnitt.de\/wordpress\/wp-content\/uploads\/2013\/10\/iStock_000003257076Small-205x300.jpg\" width=\"205\" height=\"300\" srcset=\"https:\/\/www.starschnitt.de\/wordpress\/wp-content\/uploads\/2013\/10\/iStock_000003257076Small-205x300.jpg 205w, https:\/\/www.starschnitt.de\/wordpress\/wp-content\/uploads\/2013\/10\/iStock_000003257076Small.jpg 574w\" sizes=\"(max-width: 205px) 100vw, 205px\" \/>Erstklassige, moderne und trendige Frisuren, durch bestens aus- und weitergebildete Friseure, zum transparenten Preis ist unser Anspruch!<\/p>\n<p>Die Bed\u00fcrfnisse und Erwartungen unserer Kunden verlangen unsere h\u00f6chste Aufmerksamkeit. Professionalit\u00e4t und Qualit\u00e4t werden diesen Anforderungen gerecht. Unsere Mitarbeiter \u201eleben\u201c die Marke Starschnitt durch Kompetenz, in Beratung und Bedienung.<\/p>\n<p>Um Ihnen unsere hohen Anspr\u00fcche von unabh\u00e4ngiger Stelle zu best\u00e4tigen, werden unsere Salons nach und nach von der Deutschen Friseurklassifizierung in K\u00f6ln bewertet. Dieses neutrale Klassifizierungsverfahren erleichtert den Friseurkundinnen- und kunden die Auswahl bei der Suche nach Ihrem \u00bbrichtigen\u00ab Friseur.<\/p>\n<p>Bewertet werden u. a. Raumangebot und Ausstattung, Aus-, Fort- und Weiterbildung, Service- und Dienstleistungsangebot sowie Kundenkommunikation. Wir freuen uns, dass im Laufe dieses Verfahrens alle getesteten Starschnitt Salons mit vier von f\u00fcnf m\u00f6glichen Sternen ausgezeichnet wurden.<\/p>\n<p>Nehmen Sie sich die Zeit und schauen sich auf unseren Seiten um. Wir w\u00fcnschen Ihnen viel Spa\u00df beim St\u00f6bern und hoffen, Sie schon bald als unseren Kunden begr\u00fc\u00dfen zu d\u00fcrfen.<\/p>\n<\/div>\n<\/div>\n","protected":false},"excerpt":{"rendered":"<p>Herzlich\u00a0 Willkommen bei Starschnitt! Erstklassige, moderne und trendige Frisuren, durch bestens aus- und weitergebildete Friseure, zum transparenten Preis ist unser Anspruch! Die Bed\u00fcrfnisse und Erwartungen unserer Kunden verlangen unsere h\u00f6chste Aufmerksamkeit. Professionalit\u00e4t und Qualit\u00e4t werden diesen Anforderungen gerecht. Unsere Mitarbeiter \u201eleben\u201c die Marke Starschnitt durch Kompetenz, in Beratung und Bedienung. Um Ihnen unsere hohen Anspr\u00fcche von unabh\u00e4ngiger Stelle zu best\u00e4tigen, werden unsere Salons nach und nach von der Deutschen Friseurklassifizierung in K\u00f6ln bewertet. Dieses neutrale Klassifizierungsverfahren erleichtert den Friseurkundinnen- und kunden die Auswahl bei der Suche nach Ihrem \u00bbrichtigen\u00ab Friseur. Bewertet werden u. a. Raumangebot und Ausstattung, Aus-, Fort- und<\/p>\n<a class=\"more-link\" rel=\"nofollow\" href=\"https:\/\/www.starschnitt.de\/wordpress\/unser-anspruch\/\">[mehr...]<\/a>","protected":false},"author":2,"featured_media":0,"parent":0,"menu_order":0,"comment_status":"closed","ping_status":"closed","template":"","meta":[],"_links":{"self":[{"href":"https:\/\/www.starschnitt.de\/wordpress\/wp-json\/wp\/v2\/pages\/382"}],"collection":[{"href":"https:\/\/www.starschnitt.de\/wordpress\/wp-json\/wp\/v2\/pages"}],"about":[{"href":"https:\/\/www.starschnitt.de\/wordpress\/wp-json\/wp\/v2\/types\/page"}],"author":[{"embeddable":true,"href":"https:\/\/www.starschnitt.de\/wordpress\/wp-json\/wp\/v2\/users\/2"}],"replies":[{"embeddable":true,"href":"https:\/\/www.starschnitt.de\/wordpress\/wp-json\/wp\/v2\/comments?post=382"}],"version-history":[{"count":5,"href":"https:\/\/www.starschnitt.de\/wordpress\/wp-json\/wp\/v2\/pages\/382\/revisions"}],"predecessor-version":[{"id":555,"href":"https:\/\/www.starschnitt.de\/wordpress\/wp-json\/wp\/v2\/pages\/382\/revisions\/555"}],"wp:attachment":[{"href":"https:\/\/www.starschnitt.de\/wordpress\/wp-json\/wp\/v2\/media?parent=382"}],"curies":[{"name":"wp","href":"https:\/\/api.w.org\/{rel}","templated":true}]}}