{"id":250,"date":"2014-01-07T17:55:12","date_gmt":"2014-01-07T15:55:12","guid":{"rendered":"http:\/\/www.starschnitt.de\/wordpress\/?page_id=250"},"modified":"2018-05-16T13:59:53","modified_gmt":"2018-05-16T11:59:53","slug":"4-sterne-friseur","status":"publish","type":"page","link":"https:\/\/www.starschnitt.de\/wordpress\/4-sterne-friseur\/","title":{"rendered":"4 Sterne Friseur"},"content":{"rendered":"<p style=\"text-align: justify;\"><img decoding=\"async\" loading=\"lazy\" class=\"alignleft size-full wp-image-252\" src=\"https:\/\/www.starschnitt.de\/wordpress\/wp-content\/uploads\/2014\/01\/logo_friseurklassifizierung_deutschland.gif\" alt=\"logo_friseurklassifizierung_deutschland\" width=\"150\" height=\"127\" \/>Viele Starschnitt-Friseursalons (u.A. in Dresden, Pirna, Heidenau und Essen) wurden von der unabh\u00e4ngigen Friseurklassifizierung Deutschland in K\u00f6ln, mit 4 Sternen ausgezeichnet. Dieses neutrale Klassifizierungsverfahren soll den Friseurkundinnen und -kunden die Auswahl bei der Suche nach dem \u201erichtigen\u201c Friseur erleichtern.<\/p>\n<p style=\"text-align: justify;\">Bewertet werden u. a. Raumangebot und Ausstattung, Aus-, Fort- und Weiterbildung, Service- und Dienstleistungsangebot sowie die Kundenkommunikation. Um \u00fcberhaupt an dem Klassifizierungsverfahren teilnehmen zu k\u00f6nnen, m\u00fcssen einige Grundvoraussetzungen erf\u00fcllt sein: Die Anwesenheit eines Meisters bzw. einer Meisterin oder einer anderen, in die Handwerksrolle eingetragenen Person ist ein Muss, ebenso der Aushang berufsspezifischer gesetzlicher Regelungen. Dazu geh\u00f6rt auch die Zahlung eines Tariflohns \u2013 so soll gew\u00e4hrleistet werden, dass das Personal nicht zu \u201eDumping-L\u00f6hnen\u201c besch\u00e4ftigt wird. Starschnitt zahlt seinen Mitarbeitern schon jetzt, ein \u00fcbertarifliches Gehalt.<\/p>\n<p><img decoding=\"async\" loading=\"lazy\" class=\"alignright size-medium wp-image-258\" src=\"https:\/\/www.starschnitt.de\/wordpress\/wp-content\/uploads\/2014\/01\/ausgezeichnet-2-236x300.jpg\" alt=\"ausgezeichnet-2\" width=\"236\" height=\"300\" srcset=\"https:\/\/www.starschnitt.de\/wordpress\/wp-content\/uploads\/2014\/01\/ausgezeichnet-2-236x300.jpg 236w, https:\/\/www.starschnitt.de\/wordpress\/wp-content\/uploads\/2014\/01\/ausgezeichnet-2-806x1024.jpg 806w\" sizes=\"(max-width: 236px) 100vw, 236px\" \/><\/p>\n<p style=\"text-align: justify;\">Starschnitt &#8211; Sachsen\u2013 freut sich \u00fcber den erreichten Erfolg. \u201eFriseurbetriebe haben es heutzutage nicht leicht\u201c sagt Klaus Adler, Expansionsmanager der Coulori GmbH, \u201eSchwarzarbeit und schlechte Qualit\u00e4t bringen die ganze Branche in Misskredit. Da ist es gut, dass es messbare Kriterien gibt, die wir nach au\u00dfen kommunizieren k\u00f6nnen\u201c. \u201eWir werden nat\u00fcrlich w\u00e4hrend der Laufzeit der Klassifizierung, die f\u00fcr zwei Jahre gilt, stetig daran arbeiten, uns zu verbessern um vielleicht sogar noch den 5. Stern zu bekommen\u201c, so Klaus Adler weiter.<\/p>\n<p style=\"text-align: justify;\">Friseurklassifizierungen gibt es seit dem Fr\u00fchjahr 2010. Der Verein Friseurklassifizierung Deutschland e. V. hat sich zum Ziel gesetzt, mit einer unabh\u00e4ngigen und transparenten Bewertung eine bessere Orientierung f\u00fcr Kunden und potenzielles Personal zu geben. Klassifizierte Betriebe heben sich auf diese Weise von den \u201eschwarzen Schafen\u201c ab, die die gesamte Branche in Misskredit bringen. Erfasst werden im Rahmen des Klassifizierungsverfahrens ausschlie\u00dflich messbare und objektiv erfassbare Gr\u00f6\u00dfen und Fakten. Bei ihrem Verfahren lehnt sich die Friseurklassifizierung an das bew\u00e4hrte Vorgehen der Hotelklassifizierung an.<\/p>\n<h4><img decoding=\"async\" loading=\"lazy\" class=\"alignleft size-medium wp-image-267\" src=\"https:\/\/www.starschnitt.de\/wordpress\/wp-content\/uploads\/2014\/01\/iStock_000003998563Medium-212x300.jpg\" alt=\"perfect!\" width=\"212\" height=\"300\" srcset=\"https:\/\/www.starschnitt.de\/wordpress\/wp-content\/uploads\/2014\/01\/iStock_000003998563Medium-212x300.jpg 212w, https:\/\/www.starschnitt.de\/wordpress\/wp-content\/uploads\/2014\/01\/iStock_000003998563Medium-723x1024.jpg 723w, https:\/\/www.starschnitt.de\/wordpress\/wp-content\/uploads\/2014\/01\/iStock_000003998563Medium.jpg 1165w\" sizes=\"(max-width: 212px) 100vw, 212px\" \/><\/h4>\n<h4 style=\"text-align: justify;\">Was Sie noch interessieren wird:<\/h4>\n<blockquote>\n<p style=\"text-align: justify;\">Klassifizierte Salons erleichtern Kunden die Orientierung.<br \/>\nDas Klassifizierungsverfahren erfasst die messbaren Fakten und Daten unserer Salons.<br \/>\nDas Verfahren orientiert sich an bereits erprobten Klassifizierungen, wie z. B. der Hotelklassifizierung.<br \/>\nEs werden 1 bis 5 Sterne vergeben, ggf. mit dem Zusatz Superior.<br \/>\nDie Klassifizierung hat eine G\u00fcltigkeit von zwei Jahren und muss dann durch erneute Pr\u00fcfung erneuert werden.<br \/>\nDie Friseurklassifizierung Deutschland arbeitet ohne wirtschaftliche Interessen \u2013 objektiv und neutral.<br \/>\nEs ist nicht so wichtig, wie viele Sterne ein Salon bekommt sondern die Tatsache, dass er mit der Teilnahme an der Klassifizierung Offenheit und Transparenz demonstriert.<br \/>\n(Nebenbei: Etwa 60 % der klassifizierten Hotels in Deutschland haben drei und nur knapp 2 % f\u00fcnf Sterne!).<\/p>\n<\/blockquote>\n","protected":false},"excerpt":{"rendered":"<p>Viele Starschnitt-Friseursalons (u.A. in Dresden, Pirna, Heidenau und Essen) wurden von der unabh\u00e4ngigen Friseurklassifizierung Deutschland in K\u00f6ln, mit 4 Sternen ausgezeichnet. Dieses neutrale Klassifizierungsverfahren soll den Friseurkundinnen und -kunden die Auswahl bei der Suche nach dem \u201erichtigen\u201c Friseur erleichtern. Bewertet werden u. a. Raumangebot und Ausstattung, Aus-, Fort- und Weiterbildung, Service- und Dienstleistungsangebot sowie die Kundenkommunikation. Um \u00fcberhaupt an dem Klassifizierungsverfahren teilnehmen zu k\u00f6nnen, m\u00fcssen einige Grundvoraussetzungen erf\u00fcllt sein: Die Anwesenheit eines Meisters bzw. einer Meisterin oder einer anderen, in die Handwerksrolle eingetragenen Person ist ein Muss, ebenso der Aushang berufsspezifischer gesetzlicher Regelungen. Dazu geh\u00f6rt auch die Zahlung eines Tariflohns<\/p>\n<a class=\"more-link\" rel=\"nofollow\" href=\"https:\/\/www.starschnitt.de\/wordpress\/4-sterne-friseur\/\">[mehr...]<\/a>","protected":false},"author":2,"featured_media":252,"parent":0,"menu_order":0,"comment_status":"closed","ping_status":"closed","template":"","meta":[],"_links":{"self":[{"href":"https:\/\/www.starschnitt.de\/wordpress\/wp-json\/wp\/v2\/pages\/250"}],"collection":[{"href":"https:\/\/www.starschnitt.de\/wordpress\/wp-json\/wp\/v2\/pages"}],"about":[{"href":"https:\/\/www.starschnitt.de\/wordpress\/wp-json\/wp\/v2\/types\/page"}],"author":[{"embeddable":true,"href":"https:\/\/www.starschnitt.de\/wordpress\/wp-json\/wp\/v2\/users\/2"}],"replies":[{"embeddable":true,"href":"https:\/\/www.starschnitt.de\/wordpress\/wp-json\/wp\/v2\/comments?post=250"}],"version-history":[{"count":14,"href":"https:\/\/www.starschnitt.de\/wordpress\/wp-json\/wp\/v2\/pages\/250\/revisions"}],"predecessor-version":[{"id":1048,"href":"https:\/\/www.starschnitt.de\/wordpress\/wp-json\/wp\/v2\/pages\/250\/revisions\/1048"}],"wp:featuredmedia":[{"embeddable":true,"href":"https:\/\/www.starschnitt.de\/wordpress\/wp-json\/wp\/v2\/media\/252"}],"wp:attachment":[{"href":"https:\/\/www.starschnitt.de\/wordpress\/wp-json\/wp\/v2\/media?parent=250"}],"curies":[{"name":"wp","href":"https:\/\/api.w.org\/{rel}","templated":true}]}}