{"id":139,"date":"2014-01-07T12:38:35","date_gmt":"2014-01-07T10:38:35","guid":{"rendered":"http:\/\/www.starschnitt.de\/wordpress\/?page_id=139"},"modified":"2024-01-24T12:52:10","modified_gmt":"2024-01-24T10:52:10","slug":"pirna-hauptstrasse","status":"publish","type":"page","link":"https:\/\/www.starschnitt.de\/wordpress\/salons-ost\/pirna-hauptstrasse\/","title":{"rendered":"Pirna Copitz"},"content":{"rendered":"<table style=\"width: 100%;\" border=\"0\" width=\"100%\" cellspacing=\"0\" cellpadding=\"0\">\n<tbody>\n<tr>\n<td style=\"width: 52.1429%;\"><a href=\"https:\/\/www.starschnitt.de\/wordpress\/wp-content\/uploads\/2024\/01\/logo.jpg\"><img decoding=\"async\" loading=\"lazy\" class=\"size-medium wp-image-1227 aligncenter\" src=\"https:\/\/www.starschnitt.de\/wordpress\/wp-content\/uploads\/2024\/01\/logo-300x300.jpg\" alt=\"\" width=\"300\" height=\"300\" srcset=\"https:\/\/www.starschnitt.de\/wordpress\/wp-content\/uploads\/2024\/01\/logo-300x300.jpg 300w, https:\/\/www.starschnitt.de\/wordpress\/wp-content\/uploads\/2024\/01\/logo-1024x1024.jpg 1024w, https:\/\/www.starschnitt.de\/wordpress\/wp-content\/uploads\/2024\/01\/logo-150x150.jpg 150w, https:\/\/www.starschnitt.de\/wordpress\/wp-content\/uploads\/2024\/01\/logo-768x768.jpg 768w, https:\/\/www.starschnitt.de\/wordpress\/wp-content\/uploads\/2024\/01\/logo-600x600.jpg 600w, https:\/\/www.starschnitt.de\/wordpress\/wp-content\/uploads\/2024\/01\/logo.jpg 1080w\" sizes=\"(max-width: 300px) 100vw, 300px\" \/><\/a><\/td>\n<td style=\"width: 47.619%;\">\n<h4 align=\"left\">Starschnitt Mein Friseur<\/h4>\n<p align=\"left\">Schillerstr. 7 \/ Ecke Hauptstr.<br \/>\n01796 Pirna<\/p>\n<p align=\"left\">Telefon: 03501 \/ 524363<\/p>\n<h4 align=\"left\">\u00d6ffnungszeiten:<\/h4>\n<ul>\n<li>Montag bis Freitag: 9:00-18:00 Uhr<\/li>\n<li>Samstag: 8:00-13:00 Uhr<\/li>\n<li>Sonntag: geschlossen<\/li>\n<\/ul>\n<\/td>\n<\/tr>\n<tr>\n<td style=\"width: 52.1429%;\"><iframe loading=\"lazy\" src=\"https:\/\/maps.google.de\/maps?f=q&amp;source=s_q&amp;hl=de&amp;geocode=&amp;q=Hauptstr.+15+01796+Pirna&amp;aq=&amp;sll=50.96093,13.93854&amp;sspn=0.011204,0.033023&amp;g=Dohnaischer+Platz+2+01796+Pirna&amp;ie=UTF8&amp;hq=&amp;hnear=Hauptstra%C3%9Fe+15,+01796+Pirna&amp;t=m&amp;ll=50.970697,13.93487&amp;spn=0.004729,0.007403&amp;z=16&amp;output=embed\" width=\"345\" height=\"350\" frameborder=\"0\" marginwidth=\"0\" marginheight=\"0\" scrolling=\"no\"><\/iframe><br \/>\n<small><a style=\"color: #0000ff; text-align: left;\" href=\"https:\/\/maps.google.de\/maps?f=q&amp;source=embed&amp;hl=de&amp;geocode=&amp;q=Hauptstr.+15+01796+Pirna&amp;aq=&amp;sll=50.96093,13.93854&amp;sspn=0.011204,0.033023&amp;g=Dohnaischer+Platz+2+01796+Pirna&amp;ie=UTF8&amp;hq=&amp;hnear=Hauptstra%C3%9Fe+15,+01796+Pirna&amp;t=m&amp;ll=50.970697,13.93487&amp;spn=0.004729,0.007403&amp;z=16\">Gr\u00f6\u00dfere Kartenansicht<\/a><\/small><\/td>\n<td style=\"width: 47.619%;\"><a href=\"https:\/\/www.facebook.com\/starschnitt.pirna.copitz\"><img decoding=\"async\" loading=\"lazy\" class=\"alignnone  wp-image-1229\" src=\"https:\/\/www.starschnitt.de\/wordpress\/wp-content\/uploads\/2024\/01\/Fb-300x300.png\" alt=\"\" width=\"51\" height=\"51\" srcset=\"https:\/\/www.starschnitt.de\/wordpress\/wp-content\/uploads\/2024\/01\/Fb-300x300.png 300w, https:\/\/www.starschnitt.de\/wordpress\/wp-content\/uploads\/2024\/01\/Fb-1024x1024.png 1024w, https:\/\/www.starschnitt.de\/wordpress\/wp-content\/uploads\/2024\/01\/Fb-150x150.png 150w, https:\/\/www.starschnitt.de\/wordpress\/wp-content\/uploads\/2024\/01\/Fb-768x768.png 768w, https:\/\/www.starschnitt.de\/wordpress\/wp-content\/uploads\/2024\/01\/Fb-600x600.png 600w, https:\/\/www.starschnitt.de\/wordpress\/wp-content\/uploads\/2024\/01\/Fb-1536x1536.png 1536w, https:\/\/www.starschnitt.de\/wordpress\/wp-content\/uploads\/2024\/01\/Fb.png 1600w\" sizes=\"(max-width: 51px) 100vw, 51px\" \/><\/a>\u00a0 \u00a0 \u00a0 \u00a0 \u00a0 <a href=\"https:\/\/www.instagram.com\/starschnitt.copitz\/\"><img decoding=\"async\" loading=\"lazy\" class=\"alignnone  wp-image-1233\" src=\"https:\/\/www.starschnitt.de\/wordpress\/wp-content\/uploads\/2024\/01\/Insta-300x300.png\" alt=\"\" width=\"51\" height=\"51\" srcset=\"https:\/\/www.starschnitt.de\/wordpress\/wp-content\/uploads\/2024\/01\/Insta-300x300.png 300w, https:\/\/www.starschnitt.de\/wordpress\/wp-content\/uploads\/2024\/01\/Insta-1024x1024.png 1024w, https:\/\/www.starschnitt.de\/wordpress\/wp-content\/uploads\/2024\/01\/Insta-150x150.png 150w, https:\/\/www.starschnitt.de\/wordpress\/wp-content\/uploads\/2024\/01\/Insta-768x768.png 768w, https:\/\/www.starschnitt.de\/wordpress\/wp-content\/uploads\/2024\/01\/Insta-600x600.png 600w, https:\/\/www.starschnitt.de\/wordpress\/wp-content\/uploads\/2024\/01\/Insta.png 1080w\" sizes=\"(max-width: 51px) 100vw, 51px\" \/><\/a><\/td>\n<\/tr>\n<tr>\n<td style=\"width: 99.7619%;\" colspan=\"2\"><a href=\"https:\/\/www.starschnitt.de\/wordpress\/wp-content\/uploads\/2024\/01\/preise-ss-duh_aug23.png\"><img decoding=\"async\" loading=\"lazy\" class=\"size-large wp-image-1293 aligncenter\" src=\"https:\/\/www.starschnitt.de\/wordpress\/wp-content\/uploads\/2024\/01\/preise-ss-duh_aug23-679x1024.png\" alt=\"\" width=\"679\" height=\"1024\" srcset=\"https:\/\/www.starschnitt.de\/wordpress\/wp-content\/uploads\/2024\/01\/preise-ss-duh_aug23-679x1024.png 679w, https:\/\/www.starschnitt.de\/wordpress\/wp-content\/uploads\/2024\/01\/preise-ss-duh_aug23-199x300.png 199w, https:\/\/www.starschnitt.de\/wordpress\/wp-content\/uploads\/2024\/01\/preise-ss-duh_aug23-600x905.png 600w, https:\/\/www.starschnitt.de\/wordpress\/wp-content\/uploads\/2024\/01\/preise-ss-duh_aug23.png 697w\" sizes=\"(max-width: 679px) 100vw, 679px\" \/><\/a><\/td>\n<\/tr>\n<\/tbody>\n<\/table>\n","protected":false},"excerpt":{"rendered":"<p>Starschnitt Mein Friseur Schillerstr. 7 \/ Ecke Hauptstr. 01796 Pirna Telefon: 03501 \/ 524363 \u00d6ffnungszeiten: Montag bis Freitag: 9:00-18:00 Uhr Samstag: 8:00-13:00 Uhr Sonntag: geschlossen Gr\u00f6\u00dfere Kartenansicht \u00a0 \u00a0 \u00a0 \u00a0 \u00a0<\/p>\n<a class=\"more-link\" rel=\"nofollow\" href=\"https:\/\/www.starschnitt.de\/wordpress\/salons-ost\/pirna-hauptstrasse\/\">[mehr...]<\/a>","protected":false},"author":2,"featured_media":0,"parent":121,"menu_order":0,"comment_status":"closed","ping_status":"closed","template":"","meta":[],"_links":{"self":[{"href":"https:\/\/www.starschnitt.de\/wordpress\/wp-json\/wp\/v2\/pages\/139"}],"collection":[{"href":"https:\/\/www.starschnitt.de\/wordpress\/wp-json\/wp\/v2\/pages"}],"about":[{"href":"https:\/\/www.starschnitt.de\/wordpress\/wp-json\/wp\/v2\/types\/page"}],"author":[{"embeddable":true,"href":"https:\/\/www.starschnitt.de\/wordpress\/wp-json\/wp\/v2\/users\/2"}],"replies":[{"embeddable":true,"href":"https:\/\/www.starschnitt.de\/wordpress\/wp-json\/wp\/v2\/comments?post=139"}],"version-history":[{"count":11,"href":"https:\/\/www.starschnitt.de\/wordpress\/wp-json\/wp\/v2\/pages\/139\/revisions"}],"predecessor-version":[{"id":1299,"href":"https:\/\/www.starschnitt.de\/wordpress\/wp-json\/wp\/v2\/pages\/139\/revisions\/1299"}],"up":[{"embeddable":true,"href":"https:\/\/www.starschnitt.de\/wordpress\/wp-json\/wp\/v2\/pages\/121"}],"wp:attachment":[{"href":"https:\/\/www.starschnitt.de\/wordpress\/wp-json\/wp\/v2\/media?parent=139"}],"curies":[{"name":"wp","href":"https:\/\/api.w.org\/{rel}","templated":true}]}}