{"id":133,"date":"2014-01-07T12:36:41","date_gmt":"2014-01-07T10:36:41","guid":{"rendered":"http:\/\/www.starschnitt.de\/wordpress\/?page_id=133"},"modified":"2024-01-24T12:53:34","modified_gmt":"2024-01-24T10:53:34","slug":"pirna-rotwerndorfer","status":"publish","type":"page","link":"https:\/\/www.starschnitt.de\/wordpress\/salons-ost\/pirna-rotwerndorfer\/","title":{"rendered":"Pirna Rottwerndorfer"},"content":{"rendered":"<table style=\"width: 100%;\" border=\"0\" width=\"100%\" cellspacing=\"0\" cellpadding=\"0\">\n<tbody>\n<tr>\n<td style=\"width: 52.1429%;\"><a href=\"https:\/\/www.starschnitt.de\/wordpress\/wp-content\/uploads\/2024\/01\/logo.jpg\"><img decoding=\"async\" loading=\"lazy\" class=\"size-medium wp-image-1227 aligncenter\" src=\"https:\/\/www.starschnitt.de\/wordpress\/wp-content\/uploads\/2024\/01\/logo-300x300.jpg\" alt=\"\" width=\"300\" height=\"300\" srcset=\"https:\/\/www.starschnitt.de\/wordpress\/wp-content\/uploads\/2024\/01\/logo-300x300.jpg 300w, https:\/\/www.starschnitt.de\/wordpress\/wp-content\/uploads\/2024\/01\/logo-1024x1024.jpg 1024w, https:\/\/www.starschnitt.de\/wordpress\/wp-content\/uploads\/2024\/01\/logo-150x150.jpg 150w, https:\/\/www.starschnitt.de\/wordpress\/wp-content\/uploads\/2024\/01\/logo-768x768.jpg 768w, https:\/\/www.starschnitt.de\/wordpress\/wp-content\/uploads\/2024\/01\/logo-600x600.jpg 600w, https:\/\/www.starschnitt.de\/wordpress\/wp-content\/uploads\/2024\/01\/logo.jpg 1080w\" sizes=\"(max-width: 300px) 100vw, 300px\" \/><\/a><\/td>\n<td style=\"width: 47.619%;\">\n<h4 align=\"left\">Starschnitt Pirna<\/h4>\n<p align=\"left\">Rottwerndorferstr. 43<br \/>\n01796 Pirna<\/p>\n<p align=\"left\">Telefon: 03501 \/ 755020<\/p>\n<h4 align=\"left\">\u00d6ffnungszeiten:<\/h4>\n<ul>\n<li>Montag bis Freitag: 8:00-18:00 Uhr<\/li>\n<li>Samstag: 8:00-13:00 Uhr<\/li>\n<li>Sonntag: geschlossen<\/li>\n<\/ul>\n<\/td>\n<\/tr>\n<tr>\n<td style=\"width: 52.1429%;\"><iframe loading=\"lazy\" src=\"https:\/\/maps.google.de\/maps?f=q&amp;source=s_q&amp;hl=de&amp;geocode=&amp;q=Rotwerndorferstr.+43+01796+Pirna&amp;aq=&amp;sll=50.962616,13.942831&amp;sspn=0.011204,0.033023&amp;ie=UTF8&amp;hq=&amp;hnear=Rottwerndorfer+Stra%C3%9Fe+43,+01796+Pirna&amp;t=m&amp;ll=50.948532,13.942165&amp;spn=0.004732,0.007403&amp;z=16&amp;iwloc=A&amp;output=embed\" width=\"345\" height=\"350\" frameborder=\"0\" marginwidth=\"0\" marginheight=\"0\" scrolling=\"no\"><\/iframe><br \/>\n<small><a style=\"color: #0000ff; text-align: left;\" href=\"https:\/\/maps.google.de\/maps?f=q&amp;source=embed&amp;hl=de&amp;geocode=&amp;q=Rotwerndorferstr.+43+01796+Pirna&amp;aq=&amp;sll=50.962616,13.942831&amp;sspn=0.011204,0.033023&amp;ie=UTF8&amp;hq=&amp;hnear=Rottwerndorfer+Stra%C3%9Fe+43,+01796+Pirna&amp;t=m&amp;ll=50.948532,13.942165&amp;spn=0.004732,0.007403&amp;z=16&amp;iwloc=A\">Gr\u00f6\u00dfere Kartenansicht<\/a><\/small><\/td>\n<td style=\"width: 47.619%;\"><a href=\"https:\/\/www.facebook.com\/starschnitt.pirna.pez\"><img decoding=\"async\" loading=\"lazy\" class=\"alignnone  wp-image-1229\" src=\"https:\/\/www.starschnitt.de\/wordpress\/wp-content\/uploads\/2024\/01\/Fb-300x300.png\" alt=\"\" width=\"51\" height=\"51\" srcset=\"https:\/\/www.starschnitt.de\/wordpress\/wp-content\/uploads\/2024\/01\/Fb-300x300.png 300w, https:\/\/www.starschnitt.de\/wordpress\/wp-content\/uploads\/2024\/01\/Fb-1024x1024.png 1024w, https:\/\/www.starschnitt.de\/wordpress\/wp-content\/uploads\/2024\/01\/Fb-150x150.png 150w, https:\/\/www.starschnitt.de\/wordpress\/wp-content\/uploads\/2024\/01\/Fb-768x768.png 768w, https:\/\/www.starschnitt.de\/wordpress\/wp-content\/uploads\/2024\/01\/Fb-600x600.png 600w, https:\/\/www.starschnitt.de\/wordpress\/wp-content\/uploads\/2024\/01\/Fb-1536x1536.png 1536w, https:\/\/www.starschnitt.de\/wordpress\/wp-content\/uploads\/2024\/01\/Fb.png 1600w\" sizes=\"(max-width: 51px) 100vw, 51px\" \/><\/a><\/td>\n<\/tr>\n<tr>\n<td style=\"width: 99.7619%;\" colspan=\"2\"><a href=\"https:\/\/www.starschnitt.de\/wordpress\/wp-content\/uploads\/2024\/01\/preise-ss-duh_aug23.png\"><img decoding=\"async\" loading=\"lazy\" class=\"size-large wp-image-1293 aligncenter\" src=\"https:\/\/www.starschnitt.de\/wordpress\/wp-content\/uploads\/2024\/01\/preise-ss-duh_aug23-679x1024.png\" alt=\"\" width=\"679\" height=\"1024\" srcset=\"https:\/\/www.starschnitt.de\/wordpress\/wp-content\/uploads\/2024\/01\/preise-ss-duh_aug23-679x1024.png 679w, https:\/\/www.starschnitt.de\/wordpress\/wp-content\/uploads\/2024\/01\/preise-ss-duh_aug23-199x300.png 199w, https:\/\/www.starschnitt.de\/wordpress\/wp-content\/uploads\/2024\/01\/preise-ss-duh_aug23-600x905.png 600w, https:\/\/www.starschnitt.de\/wordpress\/wp-content\/uploads\/2024\/01\/preise-ss-duh_aug23.png 697w\" sizes=\"(max-width: 679px) 100vw, 679px\" \/><\/a><\/td>\n<\/tr>\n<\/tbody>\n<\/table>\n","protected":false},"excerpt":{"rendered":"<p>Starschnitt Pirna Rottwerndorferstr. 43 01796 Pirna Telefon: 03501 \/ 755020 \u00d6ffnungszeiten: Montag bis Freitag: 8:00-18:00 Uhr Samstag: 8:00-13:00 Uhr Sonntag: geschlossen Gr\u00f6\u00dfere Kartenansicht<\/p>\n<a class=\"more-link\" rel=\"nofollow\" href=\"https:\/\/www.starschnitt.de\/wordpress\/salons-ost\/pirna-rotwerndorfer\/\">[mehr...]<\/a>","protected":false},"author":2,"featured_media":0,"parent":121,"menu_order":0,"comment_status":"closed","ping_status":"closed","template":"","meta":[],"_links":{"self":[{"href":"https:\/\/www.starschnitt.de\/wordpress\/wp-json\/wp\/v2\/pages\/133"}],"collection":[{"href":"https:\/\/www.starschnitt.de\/wordpress\/wp-json\/wp\/v2\/pages"}],"about":[{"href":"https:\/\/www.starschnitt.de\/wordpress\/wp-json\/wp\/v2\/types\/page"}],"author":[{"embeddable":true,"href":"https:\/\/www.starschnitt.de\/wordpress\/wp-json\/wp\/v2\/users\/2"}],"replies":[{"embeddable":true,"href":"https:\/\/www.starschnitt.de\/wordpress\/wp-json\/wp\/v2\/comments?post=133"}],"version-history":[{"count":12,"href":"https:\/\/www.starschnitt.de\/wordpress\/wp-json\/wp\/v2\/pages\/133\/revisions"}],"predecessor-version":[{"id":1301,"href":"https:\/\/www.starschnitt.de\/wordpress\/wp-json\/wp\/v2\/pages\/133\/revisions\/1301"}],"up":[{"embeddable":true,"href":"https:\/\/www.starschnitt.de\/wordpress\/wp-json\/wp\/v2\/pages\/121"}],"wp:attachment":[{"href":"https:\/\/www.starschnitt.de\/wordpress\/wp-json\/wp\/v2\/media?parent=133"}],"curies":[{"name":"wp","href":"https:\/\/api.w.org\/{rel}","templated":true}]}}